{"id":2611,"date":"2023-12-17T21:24:28","date_gmt":"2023-12-17T20:24:28","guid":{"rendered":"https:\/\/vvdb.nl\/?page_id=2611"},"modified":"2025-04-13T20:05:29","modified_gmt":"2025-04-13T19:05:29","slug":"fotos-van-vergaderingen","status":"publish","type":"page","link":"https:\/\/vvdb.nl\/?page_id=2611","title":{"rendered":"Foto&#8217;s van Vergaderingen"},"content":{"rendered":"\t\t<div data-elementor-type=\"wp-page\" data-elementor-id=\"2611\" class=\"elementor elementor-2611\">\n\t\t\t\t<div class=\"elementor-element elementor-element-4dc1d01 e-flex e-con-boxed e-con e-parent\" data-id=\"4dc1d01\" data-element_type=\"container\" data-e-type=\"container\">\n\t\t\t\t\t<div class=\"e-con-inner\">\n\t\t\t\t<div class=\"elementor-element elementor-element-8ebdb4e elementor-widget elementor-widget-heading\" data-id=\"8ebdb4e\" data-element_type=\"widget\" data-e-type=\"widget\" data-widget_type=\"heading.default\">\n\t\t\t\t<div class=\"elementor-widget-container\">\n\t\t\t\t\t<h1 class=\"elementor-heading-title elementor-size-default\"><br>Foto's van Vergaderingen <br><\/h1>\t\t\t\t<\/div>\n\t\t\t\t<\/div>\n\t\t\t\t\t<\/div>\n\t\t\t\t<\/div>\n\t\t<div class=\"elementor-element elementor-element-68f1389 e-flex e-con-boxed e-con e-parent\" data-id=\"68f1389\" data-element_type=\"container\" data-e-type=\"container\">\n\t\t\t\t\t<div class=\"e-con-inner\">\n\t\t\t\t<div class=\"elementor-element elementor-element-2087f9e elementor-widget elementor-widget-heading\" data-id=\"2087f9e\" data-element_type=\"widget\" data-e-type=\"widget\" data-widget_type=\"heading.default\">\n\t\t\t\t<div class=\"elementor-widget-container\">\n\t\t\t\t\t<h2 class=\"elementor-heading-title elementor-size-default\">Vergadering 2025<\/h2>\t\t\t\t<\/div>\n\t\t\t\t<\/div>\n\t\t\t\t\t<\/div>\n\t\t\t\t<\/div>\n\t\t<div class=\"elementor-element elementor-element-be5d59d e-flex e-con-boxed e-con e-parent\" data-id=\"be5d59d\" data-element_type=\"container\" data-e-type=\"container\">\n\t\t\t\t\t<div class=\"e-con-inner\">\n\t\t<div class=\"elementor-element elementor-element-43c46cb e-con-full e-flex e-con e-child\" data-id=\"43c46cb\" data-element_type=\"container\" data-e-type=\"container\">\n\t\t\t\t<div class=\"elementor-element elementor-element-08ade02 elementor-widget elementor-widget-image\" data-id=\"08ade02\" data-element_type=\"widget\" data-e-type=\"widget\" data-widget_type=\"image.default\">\n\t\t\t\t<div class=\"elementor-widget-container\">\n\t\t\t\t\t\t\t\t\t\t\t\t<figure class=\"wp-caption\">\n\t\t\t\t\t\t\t\t\t\t\t<a href=\"https:\/\/vvdb.nl\/wp-content\/uploads\/2025\/04\/FB_IMG_1744484057336.jpg\" data-elementor-open-lightbox=\"yes\" data-elementor-lightbox-title=\"FB_IMG_1744484057336\" data-e-action-hash=\"#elementor-action%3Aaction%3Dlightbox%26settings%3DeyJpZCI6MzQ5NCwidXJsIjoiaHR0cHM6XC9cL3Z2ZGIubmxcL3dwLWNvbnRlbnRcL3VwbG9hZHNcLzIwMjVcLzA0XC9GQl9JTUdfMTc0NDQ4NDA1NzMzNi5qcGcifQ%3D%3D\">\n\t\t\t\t\t\t\t<img fetchpriority=\"high\" decoding=\"async\" width=\"300\" height=\"225\" src=\"https:\/\/vvdb.nl\/wp-content\/uploads\/2025\/04\/FB_IMG_1744484057336-300x225.jpg\" class=\"attachment-medium size-medium wp-image-3494\" alt=\"\" srcset=\"https:\/\/vvdb.nl\/wp-content\/uploads\/2025\/04\/FB_IMG_1744484057336-300x225.jpg 300w, https:\/\/vvdb.nl\/wp-content\/uploads\/2025\/04\/FB_IMG_1744484057336-1024x768.jpg 1024w, https:\/\/vvdb.nl\/wp-content\/uploads\/2025\/04\/FB_IMG_1744484057336-768x576.jpg 768w, https:\/\/vvdb.nl\/wp-content\/uploads\/2025\/04\/FB_IMG_1744484057336.jpg 1080w\" sizes=\"(max-width: 300px) 100vw, 300px\" \/>\t\t\t\t\t\t\t\t<\/a>\n\t\t\t\t\t\t\t\t\t\t\t<figcaption class=\"widget-image-caption wp-caption-text\">Caf\u00e9 Centrum 2025<\/figcaption>\n\t\t\t\t\t\t\t\t\t\t<\/figure>\n\t\t\t\t\t\t\t\t\t<\/div>\n\t\t\t\t<\/div>\n\t\t\t\t<\/div>\n\t\t\t\t\t<\/div>\n\t\t\t\t<\/div>\n\t\t<div class=\"elementor-element elementor-element-5b4fb92 e-flex e-con-boxed e-con e-parent\" data-id=\"5b4fb92\" data-element_type=\"container\" data-e-type=\"container\">\n\t\t\t\t\t<div class=\"e-con-inner\">\n\t\t\t\t<div class=\"elementor-element elementor-element-80b2392 elementor-widget elementor-widget-heading\" data-id=\"80b2392\" data-element_type=\"widget\" data-e-type=\"widget\" data-widget_type=\"heading.default\">\n\t\t\t\t<div class=\"elementor-widget-container\">\n\t\t\t\t\t<h2 class=\"elementor-heading-title elementor-size-default\">Vergadering 2024<\/h2>\t\t\t\t<\/div>\n\t\t\t\t<\/div>\n\t\t\t\t\t<\/div>\n\t\t\t\t<\/div>\n\t\t<div class=\"elementor-element elementor-element-9cb1697 e-flex e-con-boxed e-con e-parent\" data-id=\"9cb1697\" data-element_type=\"container\" data-e-type=\"container\">\n\t\t\t\t\t<div class=\"e-con-inner\">\n\t\t\t\t<div class=\"elementor-element elementor-element-512bf3b elementor-widget elementor-widget-image-gallery\" data-id=\"512bf3b\" data-element_type=\"widget\" data-e-type=\"widget\" data-widget_type=\"image-gallery.default\">\n\t\t\t\t<div class=\"elementor-widget-container\">\n\t\t\t\t\t\t\t<div class=\"elementor-image-gallery\">\n\t\t\t<div id='gallery-1' class='gallery galleryid-2611 gallery-columns-3 gallery-size-medium'><figure class='gallery-item'>\n\t\t\t<div class='gallery-icon landscape'>\n\t\t\t\t<a data-elementor-open-lightbox=\"yes\" data-elementor-lightbox-slideshow=\"512bf3b\" data-elementor-lightbox-title=\"Afbeelding van WhatsApp op 2024-03-29 om 22.34.27_1aa2e03c\" data-e-action-hash=\"#elementor-action%3Aaction%3Dlightbox%26settings%3DeyJpZCI6MzQ3MiwidXJsIjoiaHR0cHM6XC9cL3Z2ZGIubmxcL3dwLWNvbnRlbnRcL3VwbG9hZHNcLzIwMjVcLzAyXC9BZmJlZWxkaW5nLXZhbi1XaGF0c0FwcC1vcC0yMDI0LTAzLTI5LW9tLTIyLjM0LjI3XzFhYTJlMDNjLmpwZyIsInNsaWRlc2hvdyI6IjUxMmJmM2IifQ%3D%3D\" href='https:\/\/vvdb.nl\/wp-content\/uploads\/2025\/02\/Afbeelding-van-WhatsApp-op-2024-03-29-om-22.34.27_1aa2e03c.jpg'><img decoding=\"async\" width=\"300\" height=\"225\" src=\"https:\/\/vvdb.nl\/wp-content\/uploads\/2025\/02\/Afbeelding-van-WhatsApp-op-2024-03-29-om-22.34.27_1aa2e03c-300x225.jpg\" class=\"attachment-medium size-medium\" alt=\"\" aria-describedby=\"gallery-1-3472\" srcset=\"https:\/\/vvdb.nl\/wp-content\/uploads\/2025\/02\/Afbeelding-van-WhatsApp-op-2024-03-29-om-22.34.27_1aa2e03c-300x225.jpg 300w, https:\/\/vvdb.nl\/wp-content\/uploads\/2025\/02\/Afbeelding-van-WhatsApp-op-2024-03-29-om-22.34.27_1aa2e03c-1024x768.jpg 1024w, https:\/\/vvdb.nl\/wp-content\/uploads\/2025\/02\/Afbeelding-van-WhatsApp-op-2024-03-29-om-22.34.27_1aa2e03c-768x576.jpg 768w, https:\/\/vvdb.nl\/wp-content\/uploads\/2025\/02\/Afbeelding-van-WhatsApp-op-2024-03-29-om-22.34.27_1aa2e03c-1536x1152.jpg 1536w, https:\/\/vvdb.nl\/wp-content\/uploads\/2025\/02\/Afbeelding-van-WhatsApp-op-2024-03-29-om-22.34.27_1aa2e03c.jpg 2000w\" sizes=\"(max-width: 300px) 100vw, 300px\" \/><\/a>\n\t\t\t<\/div>\n\t\t\t\t<figcaption class='wp-caption-text gallery-caption' id='gallery-1-3472'>\n\t\t\t\tEten Nang Sing\n\t\t\t\t<\/figcaption><\/figure><figure class='gallery-item'>\n\t\t\t<div class='gallery-icon landscape'>\n\t\t\t\t<a data-elementor-open-lightbox=\"yes\" data-elementor-lightbox-slideshow=\"512bf3b\" data-elementor-lightbox-title=\"Afbeelding van WhatsApp op 2024-03-29 om 22.34.27_332d0faa\" data-e-action-hash=\"#elementor-action%3Aaction%3Dlightbox%26settings%3DeyJpZCI6MzQ3MywidXJsIjoiaHR0cHM6XC9cL3Z2ZGIubmxcL3dwLWNvbnRlbnRcL3VwbG9hZHNcLzIwMjVcLzAyXC9BZmJlZWxkaW5nLXZhbi1XaGF0c0FwcC1vcC0yMDI0LTAzLTI5LW9tLTIyLjM0LjI3XzMzMmQwZmFhLmpwZyIsInNsaWRlc2hvdyI6IjUxMmJmM2IifQ%3D%3D\" href='https:\/\/vvdb.nl\/wp-content\/uploads\/2025\/02\/Afbeelding-van-WhatsApp-op-2024-03-29-om-22.34.27_332d0faa.jpg'><img decoding=\"async\" width=\"300\" height=\"225\" src=\"https:\/\/vvdb.nl\/wp-content\/uploads\/2025\/02\/Afbeelding-van-WhatsApp-op-2024-03-29-om-22.34.27_332d0faa-300x225.jpg\" class=\"attachment-medium size-medium\" alt=\"\" aria-describedby=\"gallery-1-3473\" srcset=\"https:\/\/vvdb.nl\/wp-content\/uploads\/2025\/02\/Afbeelding-van-WhatsApp-op-2024-03-29-om-22.34.27_332d0faa-300x225.jpg 300w, https:\/\/vvdb.nl\/wp-content\/uploads\/2025\/02\/Afbeelding-van-WhatsApp-op-2024-03-29-om-22.34.27_332d0faa-1024x768.jpg 1024w, https:\/\/vvdb.nl\/wp-content\/uploads\/2025\/02\/Afbeelding-van-WhatsApp-op-2024-03-29-om-22.34.27_332d0faa-768x576.jpg 768w, https:\/\/vvdb.nl\/wp-content\/uploads\/2025\/02\/Afbeelding-van-WhatsApp-op-2024-03-29-om-22.34.27_332d0faa-1536x1152.jpg 1536w, https:\/\/vvdb.nl\/wp-content\/uploads\/2025\/02\/Afbeelding-van-WhatsApp-op-2024-03-29-om-22.34.27_332d0faa.jpg 2000w\" sizes=\"(max-width: 300px) 100vw, 300px\" \/><\/a>\n\t\t\t<\/div>\n\t\t\t\t<figcaption class='wp-caption-text gallery-caption' id='gallery-1-3473'>\n\t\t\t\tCaf\u00e9 Centrum 2024\n\t\t\t\t<\/figcaption><\/figure><figure class='gallery-item'>\n\t\t\t<div class='gallery-icon landscape'>\n\t\t\t\t<a data-elementor-open-lightbox=\"yes\" data-elementor-lightbox-slideshow=\"512bf3b\" data-elementor-lightbox-title=\"Afbeelding van WhatsApp op 2024-03-29 om 22.34.27_476bee9d\" data-e-action-hash=\"#elementor-action%3Aaction%3Dlightbox%26settings%3DeyJpZCI6MzQ3NCwidXJsIjoiaHR0cHM6XC9cL3Z2ZGIubmxcL3dwLWNvbnRlbnRcL3VwbG9hZHNcLzIwMjVcLzAyXC9BZmJlZWxkaW5nLXZhbi1XaGF0c0FwcC1vcC0yMDI0LTAzLTI5LW9tLTIyLjM0LjI3XzQ3NmJlZTlkLmpwZyIsInNsaWRlc2hvdyI6IjUxMmJmM2IifQ%3D%3D\" href='https:\/\/vvdb.nl\/wp-content\/uploads\/2025\/02\/Afbeelding-van-WhatsApp-op-2024-03-29-om-22.34.27_476bee9d.jpg'><img loading=\"lazy\" decoding=\"async\" width=\"300\" height=\"225\" src=\"https:\/\/vvdb.nl\/wp-content\/uploads\/2025\/02\/Afbeelding-van-WhatsApp-op-2024-03-29-om-22.34.27_476bee9d-300x225.jpg\" class=\"attachment-medium size-medium\" alt=\"\" aria-describedby=\"gallery-1-3474\" srcset=\"https:\/\/vvdb.nl\/wp-content\/uploads\/2025\/02\/Afbeelding-van-WhatsApp-op-2024-03-29-om-22.34.27_476bee9d-300x225.jpg 300w, https:\/\/vvdb.nl\/wp-content\/uploads\/2025\/02\/Afbeelding-van-WhatsApp-op-2024-03-29-om-22.34.27_476bee9d-1024x768.jpg 1024w, https:\/\/vvdb.nl\/wp-content\/uploads\/2025\/02\/Afbeelding-van-WhatsApp-op-2024-03-29-om-22.34.27_476bee9d-768x576.jpg 768w, https:\/\/vvdb.nl\/wp-content\/uploads\/2025\/02\/Afbeelding-van-WhatsApp-op-2024-03-29-om-22.34.27_476bee9d-1536x1152.jpg 1536w, https:\/\/vvdb.nl\/wp-content\/uploads\/2025\/02\/Afbeelding-van-WhatsApp-op-2024-03-29-om-22.34.27_476bee9d.jpg 2000w\" sizes=\"(max-width: 300px) 100vw, 300px\" \/><\/a>\n\t\t\t<\/div>\n\t\t\t\t<figcaption class='wp-caption-text gallery-caption' id='gallery-1-3474'>\n\t\t\t\tEten Nang Sing\n\t\t\t\t<\/figcaption><\/figure><figure class='gallery-item'>\n\t\t\t<div class='gallery-icon landscape'>\n\t\t\t\t<a data-elementor-open-lightbox=\"yes\" data-elementor-lightbox-slideshow=\"512bf3b\" data-elementor-lightbox-title=\"Afbeelding van WhatsApp op 2024-03-29 om 22.34.27_932a4802\" data-e-action-hash=\"#elementor-action%3Aaction%3Dlightbox%26settings%3DeyJpZCI6MzQ3NSwidXJsIjoiaHR0cHM6XC9cL3Z2ZGIubmxcL3dwLWNvbnRlbnRcL3VwbG9hZHNcLzIwMjVcLzAyXC9BZmJlZWxkaW5nLXZhbi1XaGF0c0FwcC1vcC0yMDI0LTAzLTI5LW9tLTIyLjM0LjI3XzkzMmE0ODAyLmpwZyIsInNsaWRlc2hvdyI6IjUxMmJmM2IifQ%3D%3D\" href='https:\/\/vvdb.nl\/wp-content\/uploads\/2025\/02\/Afbeelding-van-WhatsApp-op-2024-03-29-om-22.34.27_932a4802.jpg'><img loading=\"lazy\" decoding=\"async\" width=\"300\" height=\"225\" src=\"https:\/\/vvdb.nl\/wp-content\/uploads\/2025\/02\/Afbeelding-van-WhatsApp-op-2024-03-29-om-22.34.27_932a4802-300x225.jpg\" class=\"attachment-medium size-medium\" alt=\"\" aria-describedby=\"gallery-1-3475\" srcset=\"https:\/\/vvdb.nl\/wp-content\/uploads\/2025\/02\/Afbeelding-van-WhatsApp-op-2024-03-29-om-22.34.27_932a4802-300x225.jpg 300w, https:\/\/vvdb.nl\/wp-content\/uploads\/2025\/02\/Afbeelding-van-WhatsApp-op-2024-03-29-om-22.34.27_932a4802-1024x768.jpg 1024w, https:\/\/vvdb.nl\/wp-content\/uploads\/2025\/02\/Afbeelding-van-WhatsApp-op-2024-03-29-om-22.34.27_932a4802-768x576.jpg 768w, https:\/\/vvdb.nl\/wp-content\/uploads\/2025\/02\/Afbeelding-van-WhatsApp-op-2024-03-29-om-22.34.27_932a4802-1536x1152.jpg 1536w, https:\/\/vvdb.nl\/wp-content\/uploads\/2025\/02\/Afbeelding-van-WhatsApp-op-2024-03-29-om-22.34.27_932a4802.jpg 2000w\" sizes=\"(max-width: 300px) 100vw, 300px\" \/><\/a>\n\t\t\t<\/div>\n\t\t\t\t<figcaption class='wp-caption-text gallery-caption' id='gallery-1-3475'>\n\t\t\t\tCaf\u00e9 Centrum 2024\n\t\t\t\t<\/figcaption><\/figure>\n\t\t<\/div>\n\t\t<\/div>\n\t\t\t\t\t\t<\/div>\n\t\t\t\t<\/div>\n\t\t\t\t\t<\/div>\n\t\t\t\t<\/div>\n\t\t<div class=\"elementor-element elementor-element-8075260 e-flex e-con-boxed e-con e-parent\" data-id=\"8075260\" data-element_type=\"container\" data-e-type=\"container\">\n\t\t\t\t\t<div class=\"e-con-inner\">\n\t\t\t\t<div class=\"elementor-element elementor-element-acba571 elementor-widget elementor-widget-heading\" data-id=\"acba571\" data-element_type=\"widget\" data-e-type=\"widget\" data-widget_type=\"heading.default\">\n\t\t\t\t<div class=\"elementor-widget-container\">\n\t\t\t\t\t<h2 class=\"elementor-heading-title elementor-size-default\">Vergadering 2023<\/h2>\t\t\t\t<\/div>\n\t\t\t\t<\/div>\n\t\t\t\t\t<\/div>\n\t\t\t\t<\/div>\n\t\t<div class=\"elementor-element elementor-element-975d602 e-flex e-con-boxed e-con e-parent\" data-id=\"975d602\" data-element_type=\"container\" data-e-type=\"container\">\n\t\t\t\t\t<div class=\"e-con-inner\">\n\t\t\t\t<div class=\"elementor-element elementor-element-35f33d1 elementor-widget elementor-widget-image-gallery\" data-id=\"35f33d1\" data-element_type=\"widget\" data-e-type=\"widget\" data-widget_type=\"image-gallery.default\">\n\t\t\t\t<div class=\"elementor-widget-container\">\n\t\t\t\t\t\t\t<div class=\"elementor-image-gallery\">\n\t\t\t<div id='gallery-2' class='gallery galleryid-2611 gallery-columns-3 gallery-size-medium'><figure class='gallery-item'>\n\t\t\t<div class='gallery-icon landscape'>\n\t\t\t\t<a data-elementor-open-lightbox=\"yes\" data-elementor-lightbox-slideshow=\"35f33d1\" data-elementor-lightbox-title=\"20230421_173346\" data-e-action-hash=\"#elementor-action%3Aaction%3Dlightbox%26settings%3DeyJpZCI6MzE0OSwidXJsIjoiaHR0cHM6XC9cL3Z2ZGIubmxcL3dwLWNvbnRlbnRcL3VwbG9hZHNcLzIwMjNcLzEyXC8yMDIzMDQyMV8xNzMzNDYuanBnIiwic2xpZGVzaG93IjoiMzVmMzNkMSJ9\" href='https:\/\/vvdb.nl\/wp-content\/uploads\/2023\/12\/20230421_173346.jpg'><img loading=\"lazy\" decoding=\"async\" width=\"300\" height=\"169\" src=\"https:\/\/vvdb.nl\/wp-content\/uploads\/2023\/12\/20230421_173346-300x169.jpg\" class=\"attachment-medium size-medium\" alt=\"\" aria-describedby=\"gallery-2-3149\" srcset=\"https:\/\/vvdb.nl\/wp-content\/uploads\/2023\/12\/20230421_173346-300x169.jpg 300w, https:\/\/vvdb.nl\/wp-content\/uploads\/2023\/12\/20230421_173346-1024x576.jpg 1024w, https:\/\/vvdb.nl\/wp-content\/uploads\/2023\/12\/20230421_173346-768x432.jpg 768w, https:\/\/vvdb.nl\/wp-content\/uploads\/2023\/12\/20230421_173346-1536x864.jpg 1536w, https:\/\/vvdb.nl\/wp-content\/uploads\/2023\/12\/20230421_173346.jpg 1545w\" sizes=\"(max-width: 300px) 100vw, 300px\" \/><\/a>\n\t\t\t<\/div>\n\t\t\t\t<figcaption class='wp-caption-text gallery-caption' id='gallery-2-3149'>\n\t\t\t\tCaf\u00e9 Centrum 2023\n\t\t\t\t<\/figcaption><\/figure><figure class='gallery-item'>\n\t\t\t<div class='gallery-icon landscape'>\n\t\t\t\t<a data-elementor-open-lightbox=\"yes\" data-elementor-lightbox-slideshow=\"35f33d1\" data-elementor-lightbox-title=\"IMG-20230421-WA0008\" data-e-action-hash=\"#elementor-action%3Aaction%3Dlightbox%26settings%3DeyJpZCI6MzE1MSwidXJsIjoiaHR0cHM6XC9cL3Z2ZGIubmxcL3dwLWNvbnRlbnRcL3VwbG9hZHNcLzIwMjNcLzEyXC9JTUctMjAyMzA0MjEtV0EwMDA4LmpwZyIsInNsaWRlc2hvdyI6IjM1ZjMzZDEifQ%3D%3D\" href='https:\/\/vvdb.nl\/wp-content\/uploads\/2023\/12\/IMG-20230421-WA0008.jpg'><img loading=\"lazy\" decoding=\"async\" width=\"300\" height=\"169\" src=\"https:\/\/vvdb.nl\/wp-content\/uploads\/2023\/12\/IMG-20230421-WA0008-300x169.jpg\" class=\"attachment-medium size-medium\" alt=\"\" aria-describedby=\"gallery-2-3151\" srcset=\"https:\/\/vvdb.nl\/wp-content\/uploads\/2023\/12\/IMG-20230421-WA0008-300x169.jpg 300w, https:\/\/vvdb.nl\/wp-content\/uploads\/2023\/12\/IMG-20230421-WA0008-1024x576.jpg 1024w, https:\/\/vvdb.nl\/wp-content\/uploads\/2023\/12\/IMG-20230421-WA0008-768x432.jpg 768w, https:\/\/vvdb.nl\/wp-content\/uploads\/2023\/12\/IMG-20230421-WA0008-1536x864.jpg 1536w, https:\/\/vvdb.nl\/wp-content\/uploads\/2023\/12\/IMG-20230421-WA0008.jpg 1545w\" sizes=\"(max-width: 300px) 100vw, 300px\" \/><\/a>\n\t\t\t<\/div>\n\t\t\t\t<figcaption class='wp-caption-text gallery-caption' id='gallery-2-3151'>\n\t\t\t\tCaf\u00e9 Centrum 2023\n\t\t\t\t<\/figcaption><\/figure><figure class='gallery-item'>\n\t\t\t<div class='gallery-icon portrait'>\n\t\t\t\t<a data-elementor-open-lightbox=\"yes\" data-elementor-lightbox-slideshow=\"35f33d1\" data-elementor-lightbox-title=\"IMG-20230421-WA0010\" data-e-action-hash=\"#elementor-action%3Aaction%3Dlightbox%26settings%3DeyJpZCI6MzE1MiwidXJsIjoiaHR0cHM6XC9cL3Z2ZGIubmxcL3dwLWNvbnRlbnRcL3VwbG9hZHNcLzIwMjNcLzEyXC9JTUctMjAyMzA0MjEtV0EwMDEwLmpwZyIsInNsaWRlc2hvdyI6IjM1ZjMzZDEifQ%3D%3D\" href='https:\/\/vvdb.nl\/wp-content\/uploads\/2023\/12\/IMG-20230421-WA0010.jpg'><img loading=\"lazy\" decoding=\"async\" width=\"169\" height=\"300\" src=\"https:\/\/vvdb.nl\/wp-content\/uploads\/2023\/12\/IMG-20230421-WA0010-169x300.jpg\" class=\"attachment-medium size-medium\" alt=\"\" aria-describedby=\"gallery-2-3152\" srcset=\"https:\/\/vvdb.nl\/wp-content\/uploads\/2023\/12\/IMG-20230421-WA0010-169x300.jpg 169w, https:\/\/vvdb.nl\/wp-content\/uploads\/2023\/12\/IMG-20230421-WA0010.jpg 489w\" sizes=\"(max-width: 169px) 100vw, 169px\" \/><\/a>\n\t\t\t<\/div>\n\t\t\t\t<figcaption class='wp-caption-text gallery-caption' id='gallery-2-3152'>\n\t\t\t\tCaf\u00e9 Centrum 2023\n\t\t\t\t<\/figcaption><\/figure><figure class='gallery-item'>\n\t\t\t<div class='gallery-icon landscape'>\n\t\t\t\t<a data-elementor-open-lightbox=\"yes\" data-elementor-lightbox-slideshow=\"35f33d1\" data-elementor-lightbox-title=\"20230421_201732 (1)\" data-e-action-hash=\"#elementor-action%3Aaction%3Dlightbox%26settings%3DeyJpZCI6MzE1NywidXJsIjoiaHR0cHM6XC9cL3Z2ZGIubmxcL3dwLWNvbnRlbnRcL3VwbG9hZHNcLzIwMjNcLzEyXC8yMDIzMDQyMV8yMDE3MzItMS5qcGciLCJzbGlkZXNob3ciOiIzNWYzM2QxIn0%3D\" href='https:\/\/vvdb.nl\/wp-content\/uploads\/2023\/12\/20230421_201732-1.jpg'><img loading=\"lazy\" decoding=\"async\" width=\"300\" height=\"169\" src=\"https:\/\/vvdb.nl\/wp-content\/uploads\/2023\/12\/20230421_201732-1-300x169.jpg\" class=\"attachment-medium size-medium\" alt=\"\" aria-describedby=\"gallery-2-3157\" srcset=\"https:\/\/vvdb.nl\/wp-content\/uploads\/2023\/12\/20230421_201732-1-300x169.jpg 300w, https:\/\/vvdb.nl\/wp-content\/uploads\/2023\/12\/20230421_201732-1-1024x576.jpg 1024w, https:\/\/vvdb.nl\/wp-content\/uploads\/2023\/12\/20230421_201732-1-768x432.jpg 768w, https:\/\/vvdb.nl\/wp-content\/uploads\/2023\/12\/20230421_201732-1-1536x864.jpg 1536w, https:\/\/vvdb.nl\/wp-content\/uploads\/2023\/12\/20230421_201732-1.jpg 1545w\" sizes=\"(max-width: 300px) 100vw, 300px\" \/><\/a>\n\t\t\t<\/div>\n\t\t\t\t<figcaption class='wp-caption-text gallery-caption' id='gallery-2-3157'>\n\t\t\t\tEten Havencaf\u00e9\n\t\t\t\t<\/figcaption><\/figure>\n\t\t<\/div>\n\t\t<\/div>\n\t\t\t\t\t\t<\/div>\n\t\t\t\t<\/div>\n\t\t\t\t\t<\/div>\n\t\t\t\t<\/div>\n\t\t\t\t<\/div>\n\t\t","protected":false},"excerpt":{"rendered":"<p>Foto&#8217;s van Vergaderingen Vergadering 2025 Caf\u00e9 Centrum 2025 Vergadering 2024 Eten Nang Sing Caf\u00e9 Centrum 2024 Eten Nang Sing Caf\u00e9 Centrum 2024 Vergadering 2023 Caf\u00e9 Centrum 2023 Caf\u00e9 Centrum 2023 Caf\u00e9 Centrum 2023 Eten Havencaf\u00e9<\/p>\n","protected":false},"author":1,"featured_media":0,"parent":0,"menu_order":0,"comment_status":"closed","ping_status":"closed","template":"elementor_header_footer","meta":{"site-sidebar-layout":"no-sidebar","site-content-layout":"page-builder","ast-site-content-layout":"full-width-container","site-content-style":"default","site-sidebar-style":"default","ast-global-header-display":"","ast-banner-title-visibility":"","ast-main-header-display":"","ast-hfb-above-header-display":"","ast-hfb-below-header-display":"","ast-hfb-mobile-header-display":"","site-post-title":"disabled","ast-breadcrumbs-content":"","ast-featured-img":"disabled","footer-sml-layout":"","ast-disable-related-posts":"","theme-transparent-header-meta":"","adv-header-id-meta":"","stick-header-meta":"","header-above-stick-meta":"","header-main-stick-meta":"","header-below-stick-meta":"","astra-migrate-meta-layouts":"set","ast-page-background-enabled":"default","ast-page-background-meta":{"desktop":{"background-color":"var(--ast-global-color-4)","background-image":"","background-repeat":"repeat","background-position":"center center","background-size":"auto","background-attachment":"scroll","background-type":"","background-media":"","overlay-type":"","overlay-color":"","overlay-opacity":"","overlay-gradient":""},"tablet":{"background-color":"","background-image":"","background-repeat":"repeat","background-position":"center center","background-size":"auto","background-attachment":"scroll","background-type":"","background-media":"","overlay-type":"","overlay-color":"","overlay-opacity":"","overlay-gradient":""},"mobile":{"background-color":"","background-image":"","background-repeat":"repeat","background-position":"center center","background-size":"auto","background-attachment":"scroll","background-type":"","background-media":"","overlay-type":"","overlay-color":"","overlay-opacity":"","overlay-gradient":""}},"ast-content-background-meta":{"desktop":{"background-color":"var(--ast-global-color-5)","background-image":"","background-repeat":"repeat","background-position":"center center","background-size":"auto","background-attachment":"scroll","background-type":"","background-media":"","overlay-type":"","overlay-color":"","overlay-opacity":"","overlay-gradient":""},"tablet":{"background-color":"var(--ast-global-color-5)","background-image":"","background-repeat":"repeat","background-position":"center center","background-size":"auto","background-attachment":"scroll","background-type":"","background-media":"","overlay-type":"","overlay-color":"","overlay-opacity":"","overlay-gradient":""},"mobile":{"background-color":"var(--ast-global-color-5)","background-image":"","background-repeat":"repeat","background-position":"center center","background-size":"auto","background-attachment":"scroll","background-type":"","background-media":"","overlay-type":"","overlay-color":"","overlay-opacity":"","overlay-gradient":""}},"ngg_post_thumbnail":0,"footnotes":""},"class_list":["post-2611","page","type-page","status-publish","hentry"],"_links":{"self":[{"href":"https:\/\/vvdb.nl\/index.php?rest_route=\/wp\/v2\/pages\/2611","targetHints":{"allow":["GET"]}}],"collection":[{"href":"https:\/\/vvdb.nl\/index.php?rest_route=\/wp\/v2\/pages"}],"about":[{"href":"https:\/\/vvdb.nl\/index.php?rest_route=\/wp\/v2\/types\/page"}],"author":[{"embeddable":true,"href":"https:\/\/vvdb.nl\/index.php?rest_route=\/wp\/v2\/users\/1"}],"replies":[{"embeddable":true,"href":"https:\/\/vvdb.nl\/index.php?rest_route=%2Fwp%2Fv2%2Fcomments&post=2611"}],"version-history":[{"count":28,"href":"https:\/\/vvdb.nl\/index.php?rest_route=\/wp\/v2\/pages\/2611\/revisions"}],"predecessor-version":[{"id":3504,"href":"https:\/\/vvdb.nl\/index.php?rest_route=\/wp\/v2\/pages\/2611\/revisions\/3504"}],"wp:attachment":[{"href":"https:\/\/vvdb.nl\/index.php?rest_route=%2Fwp%2Fv2%2Fmedia&parent=2611"}],"curies":[{"name":"wp","href":"https:\/\/api.w.org\/{rel}","templated":true}]}}